

{"id":46,"date":"2019-01-21T19:59:50","date_gmt":"2019-01-21T18:59:50","guid":{"rendered":"http:\/\/burridesinfection.ch\/?page_id=46"},"modified":"2020-11-13T13:45:30","modified_gmt":"2020-11-13T12:45:30","slug":"nos-services","status":"publish","type":"page","link":"https:\/\/burridesinfection.ch\/index.php\/nos-services\/","title":{"rendered":"Nos Services"},"content":{"rendered":"\t\t<div data-elementor-type=\"wp-post\" data-elementor-id=\"46\" class=\"elementor elementor-46\" data-elementor-settings=\"[]\">\n\t\t\t\t\t\t<div class=\"elementor-inner\">\n\t\t\t\t\t\t\t<div class=\"elementor-section-wrap\">\n\t\t\t\t\t\t\t<section class=\"elementor-section elementor-top-section elementor-element elementor-element-5fc2c27 elementor-section-full_width elementor-section-height-min-height elementor-section-stretched elementor-section-height-default elementor-section-items-middle\" data-id=\"5fc2c27\" data-element_type=\"section\" data-settings=\"{&quot;stretch_section&quot;:&quot;section-stretched&quot;}\">\n\t\t\t\t\t\t<div class=\"elementor-container elementor-column-gap-no\">\n\t\t\t\t\t\t\t<div class=\"elementor-row\">\n\t\t\t\t\t<div class=\"elementor-column elementor-col-100 elementor-top-column elementor-element elementor-element-04d59fa\" data-id=\"04d59fa\" data-element_type=\"column\">\n\t\t\t<div class=\"elementor-column-wrap elementor-element-populated\">\n\t\t\t\t\t\t\t<div class=\"elementor-widget-wrap\">\n\t\t\t\t\t\t<div class=\"elementor-element elementor-element-3c0000c elementor-widget elementor-widget-themo-slider\" data-id=\"3c0000c\" data-element_type=\"widget\" data-widget_type=\"themo-slider.default\">\n\t\t\t\t<div class=\"elementor-widget-container\">\n\t\t\t\n\t\t<div id=\"main-flex-slider\" class=\"flexslider\">\n\t\t\t<ul class=\"slides\">\n\t\t\t\t\n                    \n                    \n\t\t\t\t\t\t\t\t\t\t                    \n                    <li class=\"elementor-repeater-item-bed7ab0\">\n\t\t\t\t\t\t<div class=\"slider-bg slide-cal-center \">\n                            <div class=\"th-slide-wrap has-image-bg\">\n                                <div class=\"th-slide-inner  th-centered\">\n                                    <div class=\"th-slide-content\">\n                                        \n                                                                                \n                                        \n                                                                                                                                                                            \n                                            <div><\/div>                                                                            <\/div>\n                                <\/div>\n\t\t\t\t\t\t\t<\/div>\n\t\t\t\t\t\t<\/div>\n\t\t\t\t\t<\/li>\n\t\t\t\t\t\t\t<\/ul>\n\n\t\t\t\t\t<\/div>\n\n\t\t<script>\n\t\t\tjQuery( function ( $ ) {\n\n\t\t\t\tthemo_start_flex_slider(\n\t\t\t\t\t'#main-flex-slider',\n                    false,\n\t\t\t\t\t'fade',\n\t\t\t\t\t'swing',\n\t\t\t\t\ttrue,\n\t\t\t\t\ttrue,\n\t\t\t\t\t4000,\n\t\t\t\t\t550,\n\t\t\t\t\tfalse,\n\t\t\t\t\ttrue,\n\t\t\t\t\ttrue,\n\t\t\t\t\ttrue,\n\t\t\t\t\ttrue\t\t\t\t);\n\t\t\t} );\n\t\t<\/script>\n\t\t\t\t<\/div>\n\t\t\t\t<\/div>\n\t\t\t\t\t\t<\/div>\n\t\t\t\t\t<\/div>\n\t\t<\/div>\n\t\t\t\t\t\t\t\t<\/div>\n\t\t\t\t\t<\/div>\n\t\t<\/section>\n\t\t\t\t<section class=\"elementor-section elementor-top-section elementor-element elementor-element-da7b903 elementor-section-boxed elementor-section-height-default elementor-section-height-default\" data-id=\"da7b903\" data-element_type=\"section\">\n\t\t\t\t\t\t<div class=\"elementor-container elementor-column-gap-default\">\n\t\t\t\t\t\t\t<div class=\"elementor-row\">\n\t\t\t\t\t<div class=\"elementor-column elementor-col-100 elementor-top-column elementor-element elementor-element-a13f3e4\" data-id=\"a13f3e4\" data-element_type=\"column\">\n\t\t\t<div class=\"elementor-column-wrap elementor-element-populated\">\n\t\t\t\t\t\t\t<div class=\"elementor-widget-wrap\">\n\t\t\t\t\t\t<div class=\"elementor-element elementor-element-c7450f7 elementor-widget elementor-widget-spacer\" data-id=\"c7450f7\" data-element_type=\"widget\" data-widget_type=\"spacer.default\">\n\t\t\t\t<div class=\"elementor-widget-container\">\n\t\t\t\t\t<div class=\"elementor-spacer\">\n\t\t\t<div class=\"elementor-spacer-inner\"><\/div>\n\t\t<\/div>\n\t\t\t\t<\/div>\n\t\t\t\t<\/div>\n\t\t\t\t\t\t<\/div>\n\t\t\t\t\t<\/div>\n\t\t<\/div>\n\t\t\t\t\t\t\t\t<\/div>\n\t\t\t\t\t<\/div>\n\t\t<\/section>\n\t\t\t\t<section class=\"elementor-section elementor-top-section elementor-element elementor-element-e55a2e3 elementor-section-boxed elementor-section-height-default elementor-section-height-default\" data-id=\"e55a2e3\" data-element_type=\"section\">\n\t\t\t\t\t\t<div class=\"elementor-container elementor-column-gap-default\">\n\t\t\t\t\t\t\t<div class=\"elementor-row\">\n\t\t\t\t\t<div class=\"elementor-column elementor-col-100 elementor-top-column elementor-element elementor-element-123a395\" data-id=\"123a395\" data-element_type=\"column\">\n\t\t\t<div class=\"elementor-column-wrap elementor-element-populated\">\n\t\t\t\t\t\t\t<div class=\"elementor-widget-wrap\">\n\t\t\t\t\t\t<div class=\"elementor-element elementor-element-97c228c elementor-widget elementor-widget-heading\" data-id=\"97c228c\" data-element_type=\"widget\" data-widget_type=\"heading.default\">\n\t\t\t\t<div class=\"elementor-widget-container\">\n\t\t\t<h2 class=\"elementor-heading-title elementor-size-default\">Nos services<\/h2>\t\t<\/div>\n\t\t\t\t<\/div>\n\t\t\t\t\t\t<\/div>\n\t\t\t\t\t<\/div>\n\t\t<\/div>\n\t\t\t\t\t\t\t\t<\/div>\n\t\t\t\t\t<\/div>\n\t\t<\/section>\n\t\t\t\t<section class=\"elementor-section elementor-top-section elementor-element elementor-element-d363893 elementor-section-boxed elementor-section-height-default elementor-section-height-default\" data-id=\"d363893\" data-element_type=\"section\">\n\t\t\t\t\t\t<div class=\"elementor-container elementor-column-gap-default\">\n\t\t\t\t\t\t\t<div class=\"elementor-row\">\n\t\t\t\t\t<div class=\"elementor-column elementor-col-100 elementor-top-column elementor-element elementor-element-e2f7f47\" data-id=\"e2f7f47\" data-element_type=\"column\">\n\t\t\t<div class=\"elementor-column-wrap elementor-element-populated\">\n\t\t\t\t\t\t\t<div class=\"elementor-widget-wrap\">\n\t\t\t\t\t\t<div class=\"elementor-element elementor-element-a8e7a2d elementor-widget elementor-widget-spacer\" data-id=\"a8e7a2d\" data-element_type=\"widget\" data-widget_type=\"spacer.default\">\n\t\t\t\t<div class=\"elementor-widget-container\">\n\t\t\t\t\t<div class=\"elementor-spacer\">\n\t\t\t<div class=\"elementor-spacer-inner\"><\/div>\n\t\t<\/div>\n\t\t\t\t<\/div>\n\t\t\t\t<\/div>\n\t\t\t\t<div class=\"elementor-element elementor-element-1464184 elementor-widget elementor-widget-text-editor\" data-id=\"1464184\" data-element_type=\"widget\" data-widget_type=\"text-editor.default\">\n\t\t\t\t<div class=\"elementor-widget-container\">\n\t\t\t\t\t<div class=\"elementor-text-editor elementor-clearfix\"><p>Nous sommes actifs dans les traitements contre les Nuisibles, le Pest control, la D\u00e9ratisation, la D\u00e9sinsectisation, la D\u00e9sinfection.\u00a0<\/p><\/div>\n\t\t\t\t<\/div>\n\t\t\t\t<\/div>\n\t\t\t\t\t\t<\/div>\n\t\t\t\t\t<\/div>\n\t\t<\/div>\n\t\t\t\t\t\t\t\t<\/div>\n\t\t\t\t\t<\/div>\n\t\t<\/section>\n\t\t\t\t<section class=\"elementor-section elementor-top-section elementor-element elementor-element-389f1ea elementor-section-boxed elementor-section-height-default elementor-section-height-default\" data-id=\"389f1ea\" data-element_type=\"section\">\n\t\t\t\t\t\t<div class=\"elementor-container elementor-column-gap-default\">\n\t\t\t\t\t\t\t<div class=\"elementor-row\">\n\t\t\t\t\t<div class=\"elementor-column elementor-col-20 elementor-top-column elementor-element elementor-element-6a38202\" data-id=\"6a38202\" data-element_type=\"column\">\n\t\t\t<div class=\"elementor-column-wrap elementor-element-populated\">\n\t\t\t\t\t\t\t<div class=\"elementor-widget-wrap\">\n\t\t\t\t\t\t<div class=\"elementor-element elementor-element-7171d17 pt-fb-animate-vertical elementor-widget elementor-widget-Pt-flipbox\" data-id=\"7171d17\" data-element_type=\"widget\" data-widget_type=\"Pt-flipbox.default\">\n\t\t\t\t<div class=\"elementor-widget-container\">\n\t\t\t\t\t\t<link rel=\"stylesheet\" href=\"https:\/\/cdnjs.cloudflare.com\/ajax\/libs\/font-awesome\/4.7.0\/css\/font-awesome.min.css\">\r\n\t\t   <div class=\"pt-flip-box-wrapper\">\r\n\t\t\t<div class=\"pt-flip-box-inner\">\r\n\t\t\t\t<div class=\"pt-flip-box-front\">\r\n\t\t\t\t\t<div class=\"flipbox-content\">\r\n\t\t\t\t\t\t\t\t\t\t\t\t\t\t\t\t<div class=\"icon-wrapper pt-fb-icon-view-default pt-fb-icon-shape-circle\">\r\n\t\t\t\t\t\t\t<img src='http:\/\/burridesinfection.ch\/wp-content\/uploads\/2019\/02\/desinfection.png'>\r\n\t\t\t\t\t\t\t<\/div>\r\n\t\t\t\t\t\t\t\t\t\t\t\t\t\t\t\t<h5 class=\"front-icon-title elementor-inline-editing\" >\r\n\t\t\t\t\t\t\t\tD\u00e9sinfection\t\t\t\t\t\t\t<\/h5>\r\n\t\t\t\t\t\t\t\t\t\t\t\t\t\t\t\t\t<\/div>\r\n\t\t\t\t<\/div>\r\n\t\t\t\t<div class=\"pt-flip-box-back\">\r\n\t\t\t\t\t<div class=\"flipbox-content\">\r\n\t\t\t\t\t\t\t\t\t\t\t\t\t<div class=\"icon-wrapper pt-fb-icon-view-default pt-fb-icon-shape-circle\">\r\n\t\t\t\t\t\t\t\t<i class=\"\"><\/i>\r\n\t\t\t\t\t\t\t<\/div>\r\n\t\t\t\t\t\t\t\t\t\t\t\t\t\t\t\t\t\t\t\t\t\t\t\t\t\t\t\t\t\t\t<div class=\"elementor-inline-editing desc\">\r\n\t\t\t\t\t\t\t\t<p>Op\u00e9ration d\u2019\u00e9limination de certain germes et bact\u00e9ries, d\u00e9sinfection dans les locaux publics, les casernes, les \u00e9coles, les b\u00e2timents agricoles ainsi que la d\u00e9sinfection des locaux apr\u00e8s d\u00e9c\u00e8s.<\/p>\t\t\t\t\t\t\t<\/div>\r\n\t\t\t\t\t\t\t\t\t\t\t\t\t\t\t\t\t<\/div>\r\n\t\t\t\t<\/div>\r\n\t\t\t<\/div>\r\n\t\t   <\/div>\r\n\t\t\t\t\t<\/div>\n\t\t\t\t<\/div>\n\t\t\t\t\t\t<\/div>\n\t\t\t\t\t<\/div>\n\t\t<\/div>\n\t\t\t\t<div class=\"elementor-column elementor-col-20 elementor-top-column elementor-element elementor-element-7272ad4\" data-id=\"7272ad4\" data-element_type=\"column\">\n\t\t\t<div class=\"elementor-column-wrap elementor-element-populated\">\n\t\t\t\t\t\t\t<div class=\"elementor-widget-wrap\">\n\t\t\t\t\t\t<div class=\"elementor-element elementor-element-1a04164 pt-fb-animate-vertical elementor-widget elementor-widget-Pt-flipbox\" data-id=\"1a04164\" data-element_type=\"widget\" data-widget_type=\"Pt-flipbox.default\">\n\t\t\t\t<div class=\"elementor-widget-container\">\n\t\t\t\t\t\t<link rel=\"stylesheet\" href=\"https:\/\/cdnjs.cloudflare.com\/ajax\/libs\/font-awesome\/4.7.0\/css\/font-awesome.min.css\">\r\n\t\t   <div class=\"pt-flip-box-wrapper\">\r\n\t\t\t<div class=\"pt-flip-box-inner\">\r\n\t\t\t\t<div class=\"pt-flip-box-front\">\r\n\t\t\t\t\t<div class=\"flipbox-content\">\r\n\t\t\t\t\t\t\t\t\t\t\t\t\t\t\t\t<div class=\"icon-wrapper pt-fb-icon-view-default pt-fb-icon-shape-circle\">\r\n\t\t\t\t\t\t\t<img src='http:\/\/burridesinfection.ch\/wp-content\/uploads\/2019\/02\/desinsectisation.png'>\r\n\t\t\t\t\t\t\t<\/div>\r\n\t\t\t\t\t\t\t\t\t\t\t\t\t\t\t\t<h5 class=\"front-icon-title elementor-inline-editing\" >\r\n\t\t\t\t\t\t\t\tD\u00e9sinsectisation\t\t\t\t\t\t\t<\/h5>\r\n\t\t\t\t\t\t\t\t\t\t\t\t\t\t\t\t\t<\/div>\r\n\t\t\t\t<\/div>\r\n\t\t\t\t<div class=\"pt-flip-box-back\">\r\n\t\t\t\t\t<div class=\"flipbox-content\">\r\n\t\t\t\t\t\t\t\t\t\t\t\t\t<div class=\"icon-wrapper pt-fb-icon-view-default pt-fb-icon-shape-circle\">\r\n\t\t\t\t\t\t\t\t<i class=\"\"><\/i>\r\n\t\t\t\t\t\t\t<\/div>\r\n\t\t\t\t\t\t\t\t\t\t\t\t\t\t\t\t\t\t\t\t\t\t\t\t\t\t\t\t\t\t\t<div class=\"elementor-inline-editing desc\">\r\n\t\t\t\t\t\t\t\t<p>Elimination de tous les parasites de l\u2019habitat, blattes (cafards), fourmis, poissons d\u2019argent, mites, gu\u00eapes, frelons, acariens, araign\u00e9es, punaises de lit, etc<\/p>\t\t\t\t\t\t\t<\/div>\r\n\t\t\t\t\t\t\t\t\t\t\t\t\t\t\t\t\t<\/div>\r\n\t\t\t\t<\/div>\r\n\t\t\t<\/div>\r\n\t\t   <\/div>\r\n\t\t\t\t\t<\/div>\n\t\t\t\t<\/div>\n\t\t\t\t\t\t<\/div>\n\t\t\t\t\t<\/div>\n\t\t<\/div>\n\t\t\t\t<div class=\"elementor-column elementor-col-20 elementor-top-column elementor-element elementor-element-8a29dd2\" data-id=\"8a29dd2\" data-element_type=\"column\">\n\t\t\t<div class=\"elementor-column-wrap elementor-element-populated\">\n\t\t\t\t\t\t\t<div class=\"elementor-widget-wrap\">\n\t\t\t\t\t\t<div class=\"elementor-element elementor-element-7487cde pt-fb-animate-vertical elementor-widget elementor-widget-Pt-flipbox\" data-id=\"7487cde\" data-element_type=\"widget\" data-widget_type=\"Pt-flipbox.default\">\n\t\t\t\t<div class=\"elementor-widget-container\">\n\t\t\t\t\t\t<link rel=\"stylesheet\" href=\"https:\/\/cdnjs.cloudflare.com\/ajax\/libs\/font-awesome\/4.7.0\/css\/font-awesome.min.css\">\r\n\t\t   <div class=\"pt-flip-box-wrapper\">\r\n\t\t\t<div class=\"pt-flip-box-inner\">\r\n\t\t\t\t<div class=\"pt-flip-box-front\">\r\n\t\t\t\t\t<div class=\"flipbox-content\">\r\n\t\t\t\t\t\t\t\t\t\t\t\t\t\t\t\t<div class=\"icon-wrapper pt-fb-icon-view-default pt-fb-icon-shape-circle\">\r\n\t\t\t\t\t\t\t<img src='http:\/\/burridesinfection.ch\/wp-content\/uploads\/2019\/02\/deratisation.png'>\r\n\t\t\t\t\t\t\t<\/div>\r\n\t\t\t\t\t\t\t\t\t\t\t\t\t\t\t\t<h5 class=\"front-icon-title elementor-inline-editing\" >\r\n\t\t\t\t\t\t\t\tD\u00e9ratisation\t\t\t\t\t\t\t<\/h5>\r\n\t\t\t\t\t\t\t\t\t\t\t\t\t\t\t\t\t<\/div>\r\n\t\t\t\t<\/div>\r\n\t\t\t\t<div class=\"pt-flip-box-back\">\r\n\t\t\t\t\t<div class=\"flipbox-content\">\r\n\t\t\t\t\t\t\t\t\t\t\t\t\t<div class=\"icon-wrapper pt-fb-icon-view-default pt-fb-icon-shape-circle\">\r\n\t\t\t\t\t\t\t\t<i class=\"\"><\/i>\r\n\t\t\t\t\t\t\t<\/div>\r\n\t\t\t\t\t\t\t\t\t\t\t\t\t\t\t\t\t\t\t\t\t\t\t\t\t\t\t\t\t\t\t<div class=\"elementor-inline-editing desc\">\r\n\t\t\t\t\t\t\t\t<p>Lutte et \u00e9radication des rongeurs incommodant nos habitations tels que rats, souris, mulots, etc\u2026<\/p>\t\t\t\t\t\t\t<\/div>\r\n\t\t\t\t\t\t\t\t\t\t\t\t\t\t\t\t\t<\/div>\r\n\t\t\t\t<\/div>\r\n\t\t\t<\/div>\r\n\t\t   <\/div>\r\n\t\t\t\t\t<\/div>\n\t\t\t\t<\/div>\n\t\t\t\t\t\t<\/div>\n\t\t\t\t\t<\/div>\n\t\t<\/div>\n\t\t\t\t<div class=\"elementor-column elementor-col-20 elementor-top-column elementor-element elementor-element-d6ee9a5\" data-id=\"d6ee9a5\" data-element_type=\"column\">\n\t\t\t<div class=\"elementor-column-wrap elementor-element-populated\">\n\t\t\t\t\t\t\t<div class=\"elementor-widget-wrap\">\n\t\t\t\t\t\t<div class=\"elementor-element elementor-element-e010de0 pt-fb-animate-vertical elementor-widget elementor-widget-Pt-flipbox\" data-id=\"e010de0\" data-element_type=\"widget\" data-widget_type=\"Pt-flipbox.default\">\n\t\t\t\t<div class=\"elementor-widget-container\">\n\t\t\t\t\t\t<link rel=\"stylesheet\" href=\"https:\/\/cdnjs.cloudflare.com\/ajax\/libs\/font-awesome\/4.7.0\/css\/font-awesome.min.css\">\r\n\t\t   <div class=\"pt-flip-box-wrapper\">\r\n\t\t\t<div class=\"pt-flip-box-inner\">\r\n\t\t\t\t<div class=\"pt-flip-box-front\">\r\n\t\t\t\t\t<div class=\"flipbox-content\">\r\n\t\t\t\t\t\t\t\t\t\t\t\t\t\t\t\t<div class=\"icon-wrapper pt-fb-icon-view-default pt-fb-icon-shape-circle\">\r\n\t\t\t\t\t\t\t<img src='http:\/\/burridesinfection.ch\/wp-content\/uploads\/2019\/02\/depigeonnage.png'>\r\n\t\t\t\t\t\t\t<\/div>\r\n\t\t\t\t\t\t\t\t\t\t\t\t\t\t\t\t<h5 class=\"front-icon-title elementor-inline-editing\" >\r\n\t\t\t\t\t\t\t\tD\u00e9pigeonnage\t\t\t\t\t\t\t<\/h5>\r\n\t\t\t\t\t\t\t\t\t\t\t\t\t\t\t\t\t<\/div>\r\n\t\t\t\t<\/div>\r\n\t\t\t\t<div class=\"pt-flip-box-back\">\r\n\t\t\t\t\t<div class=\"flipbox-content\">\r\n\t\t\t\t\t\t\t\t\t\t\t\t\t<div class=\"icon-wrapper pt-fb-icon-view-default pt-fb-icon-shape-circle\">\r\n\t\t\t\t\t\t\t\t<i class=\"\"><\/i>\r\n\t\t\t\t\t\t\t<\/div>\r\n\t\t\t\t\t\t\t\t\t\t\t\t\t\t\t\t\t\t\t\t\t\t\t\t\t\t\t\t\t\t\t<div class=\"elementor-inline-editing desc\">\r\n\t\t\t\t\t\t\t\t<p>Pose de syst\u00e8mes de protection anti-pigeons afin d\u2019\u00e9viter toutes d\u00e9gradations\u00a0des b\u00e2timents.<\/p>\t\t\t\t\t\t\t<\/div>\r\n\t\t\t\t\t\t\t\t\t\t\t\t\t\t\t\t\t<\/div>\r\n\t\t\t\t<\/div>\r\n\t\t\t<\/div>\r\n\t\t   <\/div>\r\n\t\t\t\t\t<\/div>\n\t\t\t\t<\/div>\n\t\t\t\t\t\t<\/div>\n\t\t\t\t\t<\/div>\n\t\t<\/div>\n\t\t\t\t<div class=\"elementor-column elementor-col-20 elementor-top-column elementor-element elementor-element-b8c53bc\" data-id=\"b8c53bc\" data-element_type=\"column\">\n\t\t\t<div class=\"elementor-column-wrap elementor-element-populated\">\n\t\t\t\t\t\t\t<div class=\"elementor-widget-wrap\">\n\t\t\t\t\t\t<div class=\"elementor-element elementor-element-5df9451 pt-fb-animate-vertical elementor-widget elementor-widget-Pt-flipbox\" data-id=\"5df9451\" data-element_type=\"widget\" data-widget_type=\"Pt-flipbox.default\">\n\t\t\t\t<div class=\"elementor-widget-container\">\n\t\t\t\t\t\t<link rel=\"stylesheet\" href=\"https:\/\/cdnjs.cloudflare.com\/ajax\/libs\/font-awesome\/4.7.0\/css\/font-awesome.min.css\">\r\n\t\t   <div class=\"pt-flip-box-wrapper\">\r\n\t\t\t<div class=\"pt-flip-box-inner\">\r\n\t\t\t\t<div class=\"pt-flip-box-front\">\r\n\t\t\t\t\t<div class=\"flipbox-content\">\r\n\t\t\t\t\t\t\t\t\t\t\t\t\t\t\t\t<div class=\"icon-wrapper pt-fb-icon-view-default pt-fb-icon-shape-circle\">\r\n\t\t\t\t\t\t\t<img src='http:\/\/burridesinfection.ch\/wp-content\/uploads\/2019\/02\/anti-fouines.png'>\r\n\t\t\t\t\t\t\t<\/div>\r\n\t\t\t\t\t\t\t\t\t\t\t\t\t\t\t\t<h5 class=\"front-icon-title elementor-inline-editing\" >\r\n\t\t\t\t\t\t\t\tLutte anti-fouine\t\t\t\t\t\t\t<\/h5>\r\n\t\t\t\t\t\t\t\t\t\t\t\t\t\t\t\t\t<\/div>\r\n\t\t\t\t<\/div>\r\n\t\t\t\t<div class=\"pt-flip-box-back\">\r\n\t\t\t\t\t<div class=\"flipbox-content\">\r\n\t\t\t\t\t\t\t\t\t\t\t\t\t<div class=\"icon-wrapper pt-fb-icon-view-default pt-fb-icon-shape-circle\">\r\n\t\t\t\t\t\t\t\t<i class=\"\"><\/i>\r\n\t\t\t\t\t\t\t<\/div>\r\n\t\t\t\t\t\t\t\t\t\t\t\t\t\t\t\t\t\t\t\t\t\t\t\t\t\t\t\t\t\t\t<div class=\"elementor-inline-editing desc\">\r\n\t\t\t\t\t\t\t\t<p>Application de r\u00e9pulsif et fermeture des passages en toiture.<\/p>\t\t\t\t\t\t\t<\/div>\r\n\t\t\t\t\t\t\t\t\t\t\t\t\t\t\t\t\t<\/div>\r\n\t\t\t\t<\/div>\r\n\t\t\t<\/div>\r\n\t\t   <\/div>\r\n\t\t\t\t\t<\/div>\n\t\t\t\t<\/div>\n\t\t\t\t\t\t<\/div>\n\t\t\t\t\t<\/div>\n\t\t<\/div>\n\t\t\t\t\t\t\t\t<\/div>\n\t\t\t\t\t<\/div>\n\t\t<\/section>\n\t\t\t\t<section class=\"elementor-section elementor-top-section elementor-element elementor-element-9c2ffb4 elementor-section-boxed elementor-section-height-default elementor-section-height-default\" data-id=\"9c2ffb4\" data-element_type=\"section\">\n\t\t\t\t\t\t<div class=\"elementor-container elementor-column-gap-default\">\n\t\t\t\t\t\t\t<div class=\"elementor-row\">\n\t\t\t\t\t<div class=\"elementor-column elementor-col-100 elementor-top-column elementor-element elementor-element-a1103e8\" data-id=\"a1103e8\" data-element_type=\"column\">\n\t\t\t<div class=\"elementor-column-wrap elementor-element-populated\">\n\t\t\t\t\t\t\t<div class=\"elementor-widget-wrap\">\n\t\t\t\t\t\t<div class=\"elementor-element elementor-element-65074cb elementor-widget elementor-widget-spacer\" data-id=\"65074cb\" data-element_type=\"widget\" data-widget_type=\"spacer.default\">\n\t\t\t\t<div class=\"elementor-widget-container\">\n\t\t\t\t\t<div class=\"elementor-spacer\">\n\t\t\t<div class=\"elementor-spacer-inner\"><\/div>\n\t\t<\/div>\n\t\t\t\t<\/div>\n\t\t\t\t<\/div>\n\t\t\t\t\t\t<\/div>\n\t\t\t\t\t<\/div>\n\t\t<\/div>\n\t\t\t\t\t\t\t\t<\/div>\n\t\t\t\t\t<\/div>\n\t\t<\/section>\n\t\t\t\t\t\t<\/div>\n\t\t\t\t\t\t<\/div>\n\t\t\t\t\t<\/div>\n\t\t","protected":false},"excerpt":{"rendered":"<p>Nos services Nous sommes actifs dans les traitements contre les Nuisibles, le Pest control, la D\u00e9ratisation, la D\u00e9sinsectisation, la D\u00e9sinfection.\u00a0 D\u00e9sinfection Op\u00e9ration d\u2019\u00e9limination de certain germes et bact\u00e9ries, d\u00e9sinfection dans les locaux publics, les casernes, les \u00e9coles, les b\u00e2timents agricoles &hellip; <a href=\"https:\/\/burridesinfection.ch\/index.php\/nos-services\/\">Read More<\/a><\/p>\n","protected":false},"author":1,"featured_media":0,"parent":0,"menu_order":0,"comment_status":"closed","ping_status":"closed","template":"","meta":[],"yoast_head":"<!-- This site is optimized with the Yoast SEO plugin v15.9 - https:\/\/yoast.com\/wordpress\/plugins\/seo\/ -->\n<title>Nos Services -<\/title>\n<meta name=\"robots\" content=\"index, follow, max-snippet:-1, max-image-preview:large, max-video-preview:-1\" \/>\n<link rel=\"canonical\" href=\"https:\/\/burridesinfection.ch\/index.php\/nos-services\/\" \/>\n<meta property=\"og:locale\" content=\"fr_FR\" \/>\n<meta property=\"og:type\" content=\"article\" \/>\n<meta property=\"og:title\" content=\"Nos Services -\" \/>\n<meta property=\"og:description\" content=\"Nos services Nous sommes actifs dans les traitements contre les Nuisibles, le Pest control, la D\u00e9ratisation, la D\u00e9sinsectisation, la D\u00e9sinfection.\u00a0 D\u00e9sinfection Op\u00e9ration d\u2019\u00e9limination de certain germes et bact\u00e9ries, d\u00e9sinfection dans les locaux publics, les casernes, les \u00e9coles, les b\u00e2timents agricoles &hellip; Read More\" \/>\n<meta property=\"og:url\" content=\"https:\/\/burridesinfection.ch\/index.php\/nos-services\/\" \/>\n<meta property=\"article:modified_time\" content=\"2020-11-13T12:45:30+00:00\" \/>\n<meta property=\"og:image\" content=\"http:\/\/burridesinfection.ch\/wp-content\/uploads\/2019\/02\/desinfection.png\" \/>\n<meta name=\"twitter:card\" content=\"summary_large_image\" \/>\n<meta name=\"twitter:label1\" content=\"Dur\u00e9e de lecture est.\">\n\t<meta name=\"twitter:data1\" content=\"1 minute\">\n<script type=\"application\/ld+json\" class=\"yoast-schema-graph\">{\"@context\":\"https:\/\/schema.org\",\"@graph\":[{\"@type\":\"Organization\",\"@id\":\"https:\/\/burridesinfection.ch\/#organization\",\"name\":\"Burri D\\u00e9sinfection\",\"url\":\"https:\/\/burridesinfection.ch\/\",\"sameAs\":[],\"logo\":{\"@type\":\"ImageObject\",\"@id\":\"https:\/\/burridesinfection.ch\/#logo\",\"inLanguage\":\"fr-FR\",\"url\":\"https:\/\/burridesinfection.ch\/wp-content\/uploads\/2019\/01\/logo.png\",\"width\":350,\"height\":88,\"caption\":\"Burri D\\u00e9sinfection\"},\"image\":{\"@id\":\"https:\/\/burridesinfection.ch\/#logo\"}},{\"@type\":\"WebSite\",\"@id\":\"https:\/\/burridesinfection.ch\/#website\",\"url\":\"https:\/\/burridesinfection.ch\/\",\"name\":\"Burri D\\u00e9sinfection\",\"description\":\"\",\"publisher\":{\"@id\":\"https:\/\/burridesinfection.ch\/#organization\"},\"potentialAction\":[{\"@type\":\"SearchAction\",\"target\":\"https:\/\/burridesinfection.ch\/?s={search_term_string}\",\"query-input\":\"required name=search_term_string\"}],\"inLanguage\":\"fr-FR\"},{\"@type\":\"ImageObject\",\"@id\":\"https:\/\/burridesinfection.ch\/index.php\/nos-services\/#primaryimage\",\"inLanguage\":\"fr-FR\",\"url\":\"http:\/\/burridesinfection.ch\/wp-content\/uploads\/2019\/02\/desinfection.png\"},{\"@type\":\"WebPage\",\"@id\":\"https:\/\/burridesinfection.ch\/index.php\/nos-services\/#webpage\",\"url\":\"https:\/\/burridesinfection.ch\/index.php\/nos-services\/\",\"name\":\"Nos Services -\",\"isPartOf\":{\"@id\":\"https:\/\/burridesinfection.ch\/#website\"},\"primaryImageOfPage\":{\"@id\":\"https:\/\/burridesinfection.ch\/index.php\/nos-services\/#primaryimage\"},\"datePublished\":\"2019-01-21T18:59:50+00:00\",\"dateModified\":\"2020-11-13T12:45:30+00:00\",\"breadcrumb\":{\"@id\":\"https:\/\/burridesinfection.ch\/index.php\/nos-services\/#breadcrumb\"},\"inLanguage\":\"fr-FR\",\"potentialAction\":[{\"@type\":\"ReadAction\",\"target\":[\"https:\/\/burridesinfection.ch\/index.php\/nos-services\/\"]}]},{\"@type\":\"BreadcrumbList\",\"@id\":\"https:\/\/burridesinfection.ch\/index.php\/nos-services\/#breadcrumb\",\"itemListElement\":[{\"@type\":\"ListItem\",\"position\":1,\"item\":{\"@type\":\"WebPage\",\"@id\":\"http:\/\/burridesinfection.ch\/\",\"url\":\"http:\/\/burridesinfection.ch\/\",\"name\":\"Accueil\"}},{\"@type\":\"ListItem\",\"position\":2,\"item\":{\"@type\":\"WebPage\",\"@id\":\"https:\/\/burridesinfection.ch\/index.php\/nos-services\/\",\"url\":\"https:\/\/burridesinfection.ch\/index.php\/nos-services\/\",\"name\":\"Nos Services\"}}]}]}<\/script>\n<!-- \/ Yoast SEO plugin. -->","_links":{"self":[{"href":"https:\/\/burridesinfection.ch\/index.php\/wp-json\/wp\/v2\/pages\/46"}],"collection":[{"href":"https:\/\/burridesinfection.ch\/index.php\/wp-json\/wp\/v2\/pages"}],"about":[{"href":"https:\/\/burridesinfection.ch\/index.php\/wp-json\/wp\/v2\/types\/page"}],"author":[{"embeddable":true,"href":"https:\/\/burridesinfection.ch\/index.php\/wp-json\/wp\/v2\/users\/1"}],"replies":[{"embeddable":true,"href":"https:\/\/burridesinfection.ch\/index.php\/wp-json\/wp\/v2\/comments?post=46"}],"version-history":[{"count":23,"href":"https:\/\/burridesinfection.ch\/index.php\/wp-json\/wp\/v2\/pages\/46\/revisions"}],"predecessor-version":[{"id":460,"href":"https:\/\/burridesinfection.ch\/index.php\/wp-json\/wp\/v2\/pages\/46\/revisions\/460"}],"wp:attachment":[{"href":"https:\/\/burridesinfection.ch\/index.php\/wp-json\/wp\/v2\/media?parent=46"}],"curies":[{"name":"wp","href":"https:\/\/api.w.org\/{rel}","templated":true}]}}